{"id":158,"date":"2019-05-28T13:56:19","date_gmt":"2019-05-28T13:56:19","guid":{"rendered":"https:\/\/faroeislandscoworking.com\/?page_id=158"},"modified":"2019-08-13T18:17:36","modified_gmt":"2019-08-13T18:17:36","slug":"how-to-find-us","status":"publish","type":"page","link":"https:\/\/faroeislandscoworking.com\/?page_id=158","title":{"rendered":"How to get here!"},"content":{"rendered":"<script>fsg_json['fsg_post_158'] = [\n{id: 103, image: 'https:\/\/faroeislandscoworking.com\/wp-content\/uploads\/2019\/05\/Su\u00f0uroyarfj\u00f8r\u00f0ur-s\u00f3lsetur.jpg', extlink: '', thumb: 'https:\/\/faroeislandscoworking.com\/wp-content\/uploads\/2019\/05\/Su\u00f0uroyarfj\u00f8r\u00f0ur-s\u00f3lsetur-150x150.jpg', permalink: '<div class=\"galleria-layeritem\"><a title=\"Permalink\" href=\"https:\/\/faroeislandscoworking.com\/?attachment_id=103#0\"><div class=\"galleria-link-bookmark\"><\/div><\/a><\/div>', layer: '<div class=\"galleria-infolayer\"><div class=\"galleria-layeritem\" style=\"padding-right: 20px;\"><\/div><div class=\"galleria-layeritem\"><a title=\"Permalink\" href=\"https:\/\/faroeislandscoworking.com\/?attachment_id=103#0\"><div class=\"galleria-link-bookmark\"><\/div><\/a><\/div><div class=\"galleria-layeritem\" style=\"padding-right: 20px;\"><\/div>'},\n{id: 162, image: 'https:\/\/faroeislandscoworking.com\/wp-content\/uploads\/2019\/05\/Smyril-2011-05-26-7.jpg', extlink: '', thumb: 'https:\/\/faroeislandscoworking.com\/wp-content\/uploads\/2019\/05\/Smyril-2011-05-26-7-150x150.jpg', permalink: '<div class=\"galleria-layeritem\"><a title=\"Permalink\" href=\"https:\/\/faroeislandscoworking.com\/?page_id=158#162\"><div class=\"galleria-link-bookmark\"><\/div><\/a><\/div>', layer: '<div class=\"galleria-infolayer\"><div class=\"galleria-layeritem\" style=\"padding-right: 20px;\"><\/div><div class=\"galleria-layeritem\"><a title=\"Permalink\" href=\"https:\/\/faroeislandscoworking.com\/?page_id=158#162\"><div class=\"galleria-link-bookmark\"><\/div><\/a><\/div><div class=\"galleria-layeritem\" style=\"padding-right: 20px;\"><\/div>'}\n];<\/script>\n\n<p>The Faroe Islands are in the midst of the North Atlantic, between Iceland, Scotland and Norway. The Faroe Islands is an archipelago of 18 islands. <\/p>\n\n\n\n<figure class=\"wp-block-image\"><img loading=\"lazy\" decoding=\"async\" width=\"1021\" height=\"1024\" src=\"https:\/\/faroeislandscoworking.com\/wp-content\/uploads\/2019\/08\/FaroeIslands-Earth-1021x1024.jpg\" alt=\"\" class=\"wp-image-334\" srcset=\"https:\/\/faroeislandscoworking.com\/wp-content\/uploads\/2019\/08\/FaroeIslands-Earth-1021x1024.jpg 1021w, https:\/\/faroeislandscoworking.com\/wp-content\/uploads\/2019\/08\/FaroeIslands-Earth-150x150.jpg 150w, https:\/\/faroeislandscoworking.com\/wp-content\/uploads\/2019\/08\/FaroeIslands-Earth-300x300.jpg 300w, https:\/\/faroeislandscoworking.com\/wp-content\/uploads\/2019\/08\/FaroeIslands-Earth-768x770.jpg 768w, https:\/\/faroeislandscoworking.com\/wp-content\/uploads\/2019\/08\/FaroeIslands-Earth-210x210.jpg 210w, https:\/\/faroeislandscoworking.com\/wp-content\/uploads\/2019\/08\/FaroeIslands-Earth.jpg 2000w\" sizes=\"auto, (max-width: 1021px) 100vw, 1021px\" \/><\/figure>\n\n\n\n<p>The town of V\u00e1gur is on the island of Su\u00f0uroy, the southernmost island of the Faroe Islands. <\/p>\n\n\n\n<h3 class=\"wp-block-heading\"><strong>How to get to the Faroe Islands?<\/strong><\/h3>\n\n\n\n<ul class=\"wp-block-gallery columns-2 is-cropped wp-block-gallery-1 is-layout-flex wp-block-gallery-is-layout-flex\"><li class=\"blocks-gallery-item\"><figure><img loading=\"lazy\" decoding=\"async\" width=\"483\" height=\"484\" src=\"https:\/\/faroeislandscoworking.com\/wp-content\/uploads\/2019\/05\/Map-Europe-Faroe-Islands.jpg\" alt=\"\" data-id=\"250\" data-link=\"https:\/\/faroeislandscoworking.com\/?attachment_id=250\" class=\"wp-image-250\" srcset=\"https:\/\/faroeislandscoworking.com\/wp-content\/uploads\/2019\/05\/Map-Europe-Faroe-Islands.jpg 483w, https:\/\/faroeislandscoworking.com\/wp-content\/uploads\/2019\/05\/Map-Europe-Faroe-Islands-150x150.jpg 150w, https:\/\/faroeislandscoworking.com\/wp-content\/uploads\/2019\/05\/Map-Europe-Faroe-Islands-300x300.jpg 300w, https:\/\/faroeislandscoworking.com\/wp-content\/uploads\/2019\/05\/Map-Europe-Faroe-Islands-210x210.jpg 210w\" sizes=\"auto, (max-width: 483px) 100vw, 483px\" \/><\/figure><\/li><li class=\"blocks-gallery-item\"><figure><img loading=\"lazy\" decoding=\"async\" width=\"511\" height=\"518\" src=\"https:\/\/faroeislandscoworking.com\/wp-content\/uploads\/2019\/05\/Maps-Faroe-Islands.jpg\" alt=\"\" data-id=\"246\" data-link=\"https:\/\/faroeislandscoworking.com\/?attachment_id=246\" class=\"wp-image-246\" srcset=\"https:\/\/faroeislandscoworking.com\/wp-content\/uploads\/2019\/05\/Maps-Faroe-Islands.jpg 511w, https:\/\/faroeislandscoworking.com\/wp-content\/uploads\/2019\/05\/Maps-Faroe-Islands-296x300.jpg 296w\" sizes=\"auto, (max-width: 511px) 100vw, 511px\" \/><\/figure><\/li><\/ul>\n\n\n\n<p>Your travel to the Faroe Islands is either by air (<a rel=\"noreferrer noopener\" aria-label=\"Atlantic Airways (opens in a new tab)\" href=\"https:\/\/www.atlanticairways.com\/en\" target=\"_blank\"><strong>Atlantic Airways<\/strong><\/a><strong> <\/strong>and SAS) or by ferry (Smyril Line). The airport is in the island of V\u00e1gar, with a 40 minutes drive to T\u00f3rshavn. The <a rel=\"noreferrer noopener\" aria-label=\"Smyril Line (opens in a new tab)\" href=\"https:\/\/www.smyrilline.com\/?_ga=2.190581995.1361628150.1559245879-875240823.1559245879\" target=\"_blank\"><strong>Smyril Line<\/strong><\/a><strong> <\/strong>ferry, Norr\u00f8na, arrives at T\u00f3rshavn.<\/p>\n\n\n\n<p>Arriving at the airport in V\u00e1gar Airport (not the same as V\u00e1g<strong>ur<\/strong>) you will take the buss or a shuttle-taxi to T\u00f3rshavn. <\/p>\n\n\n\n<h3 class=\"wp-block-heading\"><strong>How to get to V\u00e1gur<\/strong><\/h3>\n\n\n\n<p>From T\u00f3rshavn you will travel with the ferry Smyril (large new comfortable ferry), operated by SSL, and you will find the <strong><a rel=\"noreferrer noopener\" aria-label=\"time-scheduler here (opens in a new tab)\" href=\"https:\/\/www.ssl.fo\/fo\/ferdaaetlan\/oyggjaleidir\/7-tvoeroyri-torshavn\/\" target=\"_blank\">time-schedule here<\/a><\/strong>.<\/p>\n\n\n\n<figure class=\"wp-block-image\"><img loading=\"lazy\" decoding=\"async\" width=\"396\" height=\"568\" src=\"https:\/\/faroeislandscoworking.com\/wp-content\/uploads\/2019\/05\/image-2.png\" alt=\"\" class=\"wp-image-261\" srcset=\"https:\/\/faroeislandscoworking.com\/wp-content\/uploads\/2019\/05\/image-2.png 396w, https:\/\/faroeislandscoworking.com\/wp-content\/uploads\/2019\/05\/image-2-209x300.png 209w\" sizes=\"auto, (max-width: 396px) 100vw, 396px\" \/><\/figure>\n\n\n\n<p>The trip to Su\u00f0uroy is a 2 hours trip &#8211; and what a wonderful beautiful trip it is (the photo to the left below).<\/p>\n\n\n\n<ul class=\"wp-block-gallery columns-2 is-cropped wp-block-gallery-2 is-layout-flex wp-block-gallery-is-layout-flex\"><li class=\"blocks-gallery-item\"><figure><a data-postid=\"fsg_post_158\" data-imgid=\"103\" href=\"https:\/\/faroeislandscoworking.com\/wp-content\/uploads\/2019\/05\/Su\u00f0uroyarfj\u00f8r\u00f0ur-s\u00f3lsetur.jpg\"><img loading=\"lazy\" decoding=\"async\" width=\"776\" height=\"582\" src=\"https:\/\/faroeislandscoworking.com\/wp-content\/uploads\/2019\/05\/Su\u00f0uroyarfj\u00f8r\u00f0ur-s\u00f3lsetur.jpg\" alt=\"\" data-id=\"103\" data-link=\"https:\/\/faroeislandscoworking.com\/?attachment_id=103\" class=\"wp-image-103\" srcset=\"https:\/\/faroeislandscoworking.com\/wp-content\/uploads\/2019\/05\/Su\u00f0uroyarfj\u00f8r\u00f0ur-s\u00f3lsetur.jpg 776w, https:\/\/faroeislandscoworking.com\/wp-content\/uploads\/2019\/05\/Su\u00f0uroyarfj\u00f8r\u00f0ur-s\u00f3lsetur-300x225.jpg 300w, https:\/\/faroeislandscoworking.com\/wp-content\/uploads\/2019\/05\/Su\u00f0uroyarfj\u00f8r\u00f0ur-s\u00f3lsetur-768x576.jpg 768w\" sizes=\"auto, (max-width: 776px) 100vw, 776px\" \/><\/a><\/figure><\/li><li class=\"blocks-gallery-item\"><figure><a data-postid=\"fsg_post_158\" data-imgid=\"162\" href=\"https:\/\/faroeislandscoworking.com\/wp-content\/uploads\/2019\/05\/Smyril-2011-05-26-7.jpg\"><img loading=\"lazy\" decoding=\"async\" width=\"800\" height=\"533\" src=\"https:\/\/faroeislandscoworking.com\/wp-content\/uploads\/2019\/05\/Smyril-2011-05-26-7.jpg\" alt=\"\" data-id=\"162\" data-link=\"https:\/\/faroeislandscoworking.com\/?attachment_id=162\" class=\"wp-image-162\" srcset=\"https:\/\/faroeislandscoworking.com\/wp-content\/uploads\/2019\/05\/Smyril-2011-05-26-7.jpg 800w, https:\/\/faroeislandscoworking.com\/wp-content\/uploads\/2019\/05\/Smyril-2011-05-26-7-300x200.jpg 300w, https:\/\/faroeislandscoworking.com\/wp-content\/uploads\/2019\/05\/Smyril-2011-05-26-7-768x512.jpg 768w\" sizes=\"auto, (max-width: 800px) 100vw, 800px\" \/><\/a><\/figure><\/li><\/ul>\n\n\n\n<h2 class=\"wp-block-heading\"><strong>How to get to V\u00e1gur<\/strong><\/h2>\n\n\n\n<p>Arriving at the terminal in Krambatangi, Tv\u00f8royri &#8211; you will take the buss (no. 700) to V\u00e1gur &#8211; a 20 minutes trip. The buss departures from the ferry terminal and is operated by Bygdalei\u00f0ir and you will find the <strong><a rel=\"noreferrer noopener\" aria-label=\"time-schedule here (opens in a new tab)\" href=\"https:\/\/www.ssl.fo\/fo\/ferdaaetlan\/bygdaleidir\/700-sumba-vagur-tvoeroyri-14012019\/\" target=\"_blank\">time-schedule here<\/a><\/strong>. By car it is a 15 minutes drive.<\/p>\n\n\n\n<p>The address of Faroe Islands Coworking Adventure is: <strong>V\u00e1gsvegur 22, V\u00e1gur.<\/strong><\/p>\n\n\n\n<figure class=\"wp-block-image\"><img loading=\"lazy\" decoding=\"async\" width=\"1024\" height=\"797\" src=\"https:\/\/faroeislandscoworking.com\/wp-content\/uploads\/2019\/08\/Su\u00f0uroy-1024x797.jpg\" alt=\"\" class=\"wp-image-319\" srcset=\"https:\/\/faroeislandscoworking.com\/wp-content\/uploads\/2019\/08\/Su\u00f0uroy-1024x797.jpg 1024w, https:\/\/faroeislandscoworking.com\/wp-content\/uploads\/2019\/08\/Su\u00f0uroy-300x233.jpg 300w, https:\/\/faroeislandscoworking.com\/wp-content\/uploads\/2019\/08\/Su\u00f0uroy-768x598.jpg 768w, https:\/\/faroeislandscoworking.com\/wp-content\/uploads\/2019\/08\/Su\u00f0uroy.jpg 1123w\" sizes=\"auto, (max-width: 1024px) 100vw, 1024px\" \/><\/figure>\n","protected":false},"excerpt":{"rendered":"<p>The Faroe Islands are in the midst of the North Atlantic, between Iceland, Scotland and Norway. The Faroe Islands is an archipelago of 18 islands. The town of V\u00e1gur is on the island of Su\u00f0uroy, the southernmost island of the Faroe Islands. How to get to the Faroe Islands? Your&hellip; <\/p>\n","protected":false},"author":1,"featured_media":0,"parent":0,"menu_order":0,"comment_status":"closed","ping_status":"closed","template":"","meta":{"footnotes":""},"class_list":["post-158","page","type-page","status-publish","hentry"],"_links":{"self":[{"href":"https:\/\/faroeislandscoworking.com\/index.php?rest_route=\/wp\/v2\/pages\/158","targetHints":{"allow":["GET"]}}],"collection":[{"href":"https:\/\/faroeislandscoworking.com\/index.php?rest_route=\/wp\/v2\/pages"}],"about":[{"href":"https:\/\/faroeislandscoworking.com\/index.php?rest_route=\/wp\/v2\/types\/page"}],"author":[{"embeddable":true,"href":"https:\/\/faroeislandscoworking.com\/index.php?rest_route=\/wp\/v2\/users\/1"}],"replies":[{"embeddable":true,"href":"https:\/\/faroeislandscoworking.com\/index.php?rest_route=%2Fwp%2Fv2%2Fcomments&post=158"}],"version-history":[{"count":20,"href":"https:\/\/faroeislandscoworking.com\/index.php?rest_route=\/wp\/v2\/pages\/158\/revisions"}],"predecessor-version":[{"id":335,"href":"https:\/\/faroeislandscoworking.com\/index.php?rest_route=\/wp\/v2\/pages\/158\/revisions\/335"}],"wp:attachment":[{"href":"https:\/\/faroeislandscoworking.com\/index.php?rest_route=%2Fwp%2Fv2%2Fmedia&parent=158"}],"curies":[{"name":"wp","href":"https:\/\/api.w.org\/{rel}","templated":true}]}}