{"id":95,"date":"2019-05-28T12:26:31","date_gmt":"2019-05-28T12:26:31","guid":{"rendered":"https:\/\/faroeislandscoworking.com\/?page_id=95"},"modified":"2019-05-31T17:49:29","modified_gmt":"2019-05-31T17:49:29","slug":"go-on-adventures","status":"publish","type":"page","link":"https:\/\/faroeislandscoworking.com\/?page_id=95","title":{"rendered":"GO ON ADVENTURES"},"content":{"rendered":"\n<p>You will problably not find a better place in the midst of the North Atlantic to go on adventures, than in the mountains and hillsides around V\u00e1gur.<\/p>\n\n\n<p><!--more--><\/p>\n\n\n\n<p>One your visit to V\u00e1gur, you can go climbing, hiking, surfing, kayaking, cliffjumping, swimming and a lot of other things in your free time.<\/p>\n\n\n\n<h3 class=\"wp-block-heading\"><strong>Climbing<\/strong><\/h3>\n\n\n\n<p>At the amazing cliffs at V\u00e1gsei\u00f0i\u00f0, west of V\u00e1gur, you can go climbing in one of the most spectacular locations.<\/p>\n\n\n\n<ul class=\"wp-block-gallery columns-3 is-cropped wp-block-gallery-1 is-layout-flex wp-block-gallery-is-layout-flex\"><li class=\"blocks-gallery-item\"><figure><img loading=\"lazy\" decoding=\"async\" width=\"1024\" height=\"576\" src=\"https:\/\/faroeislandscoworking.com\/wp-content\/uploads\/2019\/05\/\u00cdtr\u00f3ttah\u00e1sk\u00falin-2018a-1024x576.jpg\" alt=\"\" data-id=\"110\" data-link=\"https:\/\/faroeislandscoworking.com\/?attachment_id=110\" class=\"wp-image-110\" srcset=\"https:\/\/faroeislandscoworking.com\/wp-content\/uploads\/2019\/05\/\u00cdtr\u00f3ttah\u00e1sk\u00falin-2018a-1024x576.jpg 1024w, https:\/\/faroeislandscoworking.com\/wp-content\/uploads\/2019\/05\/\u00cdtr\u00f3ttah\u00e1sk\u00falin-2018a-300x169.jpg 300w, https:\/\/faroeislandscoworking.com\/wp-content\/uploads\/2019\/05\/\u00cdtr\u00f3ttah\u00e1sk\u00falin-2018a-768x432.jpg 768w, https:\/\/faroeislandscoworking.com\/wp-content\/uploads\/2019\/05\/\u00cdtr\u00f3ttah\u00e1sk\u00falin-2018a.jpg 1728w\" sizes=\"auto, (max-width: 1024px) 100vw, 1024px\" \/><\/figure><\/li><li class=\"blocks-gallery-item\"><figure><img loading=\"lazy\" decoding=\"async\" width=\"1024\" height=\"576\" src=\"https:\/\/faroeislandscoworking.com\/wp-content\/uploads\/2019\/05\/V\u00e1rskei\u00f0-2017h-1024x576.jpg\" alt=\"\" data-id=\"134\" data-link=\"https:\/\/faroeislandscoworking.com\/?attachment_id=134\" class=\"wp-image-134\" srcset=\"https:\/\/faroeislandscoworking.com\/wp-content\/uploads\/2019\/05\/V\u00e1rskei\u00f0-2017h-1024x576.jpg 1024w, https:\/\/faroeislandscoworking.com\/wp-content\/uploads\/2019\/05\/V\u00e1rskei\u00f0-2017h-300x169.jpg 300w, https:\/\/faroeislandscoworking.com\/wp-content\/uploads\/2019\/05\/V\u00e1rskei\u00f0-2017h-768x432.jpg 768w, https:\/\/faroeislandscoworking.com\/wp-content\/uploads\/2019\/05\/V\u00e1rskei\u00f0-2017h.jpg 2048w\" sizes=\"auto, (max-width: 1024px) 100vw, 1024px\" \/><\/figure><\/li><li class=\"blocks-gallery-item\"><figure><img loading=\"lazy\" decoding=\"async\" width=\"1024\" height=\"768\" src=\"https:\/\/faroeislandscoworking.com\/wp-content\/uploads\/2019\/05\/V\u00e1rskei\u00f0-2017a-1024x768.jpg\" alt=\"\" data-id=\"138\" data-link=\"https:\/\/faroeislandscoworking.com\/?attachment_id=138\" class=\"wp-image-138\" srcset=\"https:\/\/faroeislandscoworking.com\/wp-content\/uploads\/2019\/05\/V\u00e1rskei\u00f0-2017a-1024x768.jpg 1024w, https:\/\/faroeislandscoworking.com\/wp-content\/uploads\/2019\/05\/V\u00e1rskei\u00f0-2017a-300x225.jpg 300w, https:\/\/faroeislandscoworking.com\/wp-content\/uploads\/2019\/05\/V\u00e1rskei\u00f0-2017a-768x576.jpg 768w, https:\/\/faroeislandscoworking.com\/wp-content\/uploads\/2019\/05\/V\u00e1rskei\u00f0-2017a.jpg 2048w\" sizes=\"auto, (max-width: 1024px) 100vw, 1024px\" \/><\/figure><\/li><\/ul>\n\n\n\n<p>Besides climbing in the natural environment at V\u00e1gsei\u00f0i\u00f0, you can also climb indoor in the Multihal in V\u00e1gur, which also has the largest climbing wall in the Faroe Islands &#8211; 13 meters high &#8211; as well as a bouldering wall.<\/p>\n\n\n\n<figure class=\"wp-block-image\"><img loading=\"lazy\" decoding=\"async\" width=\"960\" height=\"540\" src=\"https:\/\/faroeislandscoworking.com\/wp-content\/uploads\/2019\/05\/Klatriveggur.jpg\" alt=\"\" class=\"wp-image-220\" srcset=\"https:\/\/faroeislandscoworking.com\/wp-content\/uploads\/2019\/05\/Klatriveggur.jpg 960w, https:\/\/faroeislandscoworking.com\/wp-content\/uploads\/2019\/05\/Klatriveggur-300x169.jpg 300w, https:\/\/faroeislandscoworking.com\/wp-content\/uploads\/2019\/05\/Klatriveggur-768x432.jpg 768w\" sizes=\"auto, (max-width: 960px) 100vw, 960px\" \/><\/figure>\n\n\n\n<h3 class=\"wp-block-heading\"><strong>Hiking<\/strong><\/h3>\n\n\n\n<p>On the islands of Su\u00f0uroy there are also beautiful mountains to explore on a hikingtrip. Amazing hilltops, deep valleys, and paths along impressive cliffs are all features you will be impressed by while hiking in the beautiful nature in Su\u00f0uroy.<\/p>\n\n\n\n<ul class=\"wp-block-gallery columns-3 is-cropped wp-block-gallery-2 is-layout-flex wp-block-gallery-is-layout-flex\"><li class=\"blocks-gallery-item\"><figure><a href=\"https:\/\/faroeislandscoworking.com\/wp-content\/uploads\/2019\/05\/\u00cdtr\u00f3ttah\u00e1sk\u00falin-2018e-1024x576.jpg\"><img loading=\"lazy\" decoding=\"async\" width=\"1024\" height=\"576\" src=\"https:\/\/faroeislandscoworking.com\/wp-content\/uploads\/2019\/05\/\u00cdtr\u00f3ttah\u00e1sk\u00falin-2018e-1024x576.jpg\" alt=\"\" data-id=\"109\" data-link=\"https:\/\/faroeislandscoworking.com\/?attachment_id=109\" class=\"wp-image-109\" srcset=\"https:\/\/faroeislandscoworking.com\/wp-content\/uploads\/2019\/05\/\u00cdtr\u00f3ttah\u00e1sk\u00falin-2018e-1024x576.jpg 1024w, https:\/\/faroeislandscoworking.com\/wp-content\/uploads\/2019\/05\/\u00cdtr\u00f3ttah\u00e1sk\u00falin-2018e-300x169.jpg 300w, https:\/\/faroeislandscoworking.com\/wp-content\/uploads\/2019\/05\/\u00cdtr\u00f3ttah\u00e1sk\u00falin-2018e-768x432.jpg 768w, https:\/\/faroeislandscoworking.com\/wp-content\/uploads\/2019\/05\/\u00cdtr\u00f3ttah\u00e1sk\u00falin-2018e.jpg 1728w\" sizes=\"auto, (max-width: 1024px) 100vw, 1024px\" \/><\/a><\/figure><\/li><li class=\"blocks-gallery-item\"><figure><a href=\"https:\/\/faroeislandscoworking.com\/wp-content\/uploads\/2019\/05\/V\u00e1rskei\u00f0-2017f-1024x576.jpg\"><img loading=\"lazy\" decoding=\"async\" width=\"1024\" height=\"576\" src=\"https:\/\/faroeislandscoworking.com\/wp-content\/uploads\/2019\/05\/V\u00e1rskei\u00f0-2017f-1024x576.jpg\" alt=\"\" data-id=\"136\" data-link=\"https:\/\/faroeislandscoworking.com\/?attachment_id=136\" class=\"wp-image-136\" srcset=\"https:\/\/faroeislandscoworking.com\/wp-content\/uploads\/2019\/05\/V\u00e1rskei\u00f0-2017f-1024x576.jpg 1024w, https:\/\/faroeislandscoworking.com\/wp-content\/uploads\/2019\/05\/V\u00e1rskei\u00f0-2017f-300x169.jpg 300w, https:\/\/faroeislandscoworking.com\/wp-content\/uploads\/2019\/05\/V\u00e1rskei\u00f0-2017f-768x432.jpg 768w, https:\/\/faroeislandscoworking.com\/wp-content\/uploads\/2019\/05\/V\u00e1rskei\u00f0-2017f.jpg 2048w\" sizes=\"auto, (max-width: 1024px) 100vw, 1024px\" \/><\/a><\/figure><\/li><li class=\"blocks-gallery-item\"><figure><a href=\"https:\/\/faroeislandscoworking.com\/wp-content\/uploads\/2019\/05\/V\u00e1rskei\u00f0-2017-1024x576.jpg\"><img loading=\"lazy\" decoding=\"async\" width=\"1024\" height=\"576\" src=\"https:\/\/faroeislandscoworking.com\/wp-content\/uploads\/2019\/05\/V\u00e1rskei\u00f0-2017-1024x576.jpg\" alt=\"\" data-id=\"139\" data-link=\"https:\/\/faroeislandscoworking.com\/?attachment_id=139\" class=\"wp-image-139\" srcset=\"https:\/\/faroeislandscoworking.com\/wp-content\/uploads\/2019\/05\/V\u00e1rskei\u00f0-2017-1024x576.jpg 1024w, https:\/\/faroeislandscoworking.com\/wp-content\/uploads\/2019\/05\/V\u00e1rskei\u00f0-2017-300x169.jpg 300w, https:\/\/faroeislandscoworking.com\/wp-content\/uploads\/2019\/05\/V\u00e1rskei\u00f0-2017-768x432.jpg 768w, https:\/\/faroeislandscoworking.com\/wp-content\/uploads\/2019\/05\/V\u00e1rskei\u00f0-2017.jpg 1920w\" sizes=\"auto, (max-width: 1024px) 100vw, 1024px\" \/><\/a><\/figure><\/li><\/ul>\n\n\n\n<h3 class=\"wp-block-heading\"><strong>Surfing, kayaking and cliffjumping<\/strong><\/h3>\n\n\n\n<p>You can also spend time on the fjords in Su\u00f0uroy &#8211; surfing the waves, kayaking, cliffjumping and swimming &#8211; feeling the nature up close.<\/p>\n\n\n\n<ul class=\"wp-block-gallery columns-3 is-cropped wp-block-gallery-3 is-layout-flex wp-block-gallery-is-layout-flex\"><li class=\"blocks-gallery-item\"><figure><img loading=\"lazy\" decoding=\"async\" width=\"960\" height=\"540\" src=\"https:\/\/faroeislandscoworking.com\/wp-content\/uploads\/2019\/05\/Cliffjumping.jpg\" alt=\"\" data-id=\"221\" data-link=\"https:\/\/faroeislandscoworking.com\/?attachment_id=221\" class=\"wp-image-221\" srcset=\"https:\/\/faroeislandscoworking.com\/wp-content\/uploads\/2019\/05\/Cliffjumping.jpg 960w, https:\/\/faroeislandscoworking.com\/wp-content\/uploads\/2019\/05\/Cliffjumping-300x169.jpg 300w, https:\/\/faroeislandscoworking.com\/wp-content\/uploads\/2019\/05\/Cliffjumping-768x432.jpg 768w\" sizes=\"auto, (max-width: 960px) 100vw, 960px\" \/><\/figure><\/li><li class=\"blocks-gallery-item\"><figure><img loading=\"lazy\" decoding=\"async\" width=\"1024\" height=\"576\" src=\"https:\/\/faroeislandscoworking.com\/wp-content\/uploads\/2019\/05\/V\u00e1rskei\u00f0-2017e-1024x576.jpg\" alt=\"\" data-id=\"137\" data-link=\"https:\/\/faroeislandscoworking.com\/?attachment_id=137\" class=\"wp-image-137\" srcset=\"https:\/\/faroeislandscoworking.com\/wp-content\/uploads\/2019\/05\/V\u00e1rskei\u00f0-2017e-1024x576.jpg 1024w, https:\/\/faroeislandscoworking.com\/wp-content\/uploads\/2019\/05\/V\u00e1rskei\u00f0-2017e-300x169.jpg 300w, https:\/\/faroeislandscoworking.com\/wp-content\/uploads\/2019\/05\/V\u00e1rskei\u00f0-2017e-768x432.jpg 768w, https:\/\/faroeislandscoworking.com\/wp-content\/uploads\/2019\/05\/V\u00e1rskei\u00f0-2017e.jpg 2048w\" sizes=\"auto, (max-width: 1024px) 100vw, 1024px\" \/><\/figure><\/li><li class=\"blocks-gallery-item\"><figure><img loading=\"lazy\" decoding=\"async\" width=\"960\" height=\"644\" src=\"https:\/\/faroeislandscoworking.com\/wp-content\/uploads\/2019\/05\/Surfing.jpg\" alt=\"\" data-id=\"150\" data-link=\"https:\/\/faroeislandscoworking.com\/?attachment_id=150\" class=\"wp-image-150\" srcset=\"https:\/\/faroeislandscoworking.com\/wp-content\/uploads\/2019\/05\/Surfing.jpg 960w, https:\/\/faroeislandscoworking.com\/wp-content\/uploads\/2019\/05\/Surfing-300x201.jpg 300w, https:\/\/faroeislandscoworking.com\/wp-content\/uploads\/2019\/05\/Surfing-768x515.jpg 768w\" sizes=\"auto, (max-width: 960px) 100vw, 960px\" \/><\/figure><\/li><li class=\"blocks-gallery-item\"><figure><img loading=\"lazy\" decoding=\"async\" width=\"960\" height=\"720\" src=\"https:\/\/faroeislandscoworking.com\/wp-content\/uploads\/2019\/05\/Kayaking.jpg\" alt=\"\" data-id=\"149\" data-link=\"https:\/\/faroeislandscoworking.com\/?attachment_id=149\" class=\"wp-image-149\" srcset=\"https:\/\/faroeislandscoworking.com\/wp-content\/uploads\/2019\/05\/Kayaking.jpg 960w, https:\/\/faroeislandscoworking.com\/wp-content\/uploads\/2019\/05\/Kayaking-300x225.jpg 300w, https:\/\/faroeislandscoworking.com\/wp-content\/uploads\/2019\/05\/Kayaking-768x576.jpg 768w\" sizes=\"auto, (max-width: 960px) 100vw, 960px\" \/><\/figure><\/li><\/ul>\n\n\n\n<h3 class=\"wp-block-heading\"><strong>Swimming and relaxing in P\u00e1ls H\u00f8ll<\/strong><\/h3>\n\n\n\n<p>On your visit to V\u00e1gur you can also go swimming and relaxing in the great P\u00e1ls H\u00f8ll, Faroe Islands&#8217; first 50 m. swimmingpool. P\u00e1ls H\u00f8ll also has an wellness area with sauna, steambath, and hot tubs outside.<\/p>\n\n\n\n<ul class=\"wp-block-gallery columns-3 is-cropped wp-block-gallery-4 is-layout-flex wp-block-gallery-is-layout-flex\"><li class=\"blocks-gallery-item\"><figure><img loading=\"lazy\" decoding=\"async\" width=\"960\" height=\"640\" src=\"https:\/\/faroeislandscoworking.com\/wp-content\/uploads\/2019\/05\/P\u00e1ls-H\u00f8ll-50.jpg\" alt=\"\" data-id=\"225\" data-link=\"https:\/\/faroeislandscoworking.com\/?attachment_id=225\" class=\"wp-image-225\" srcset=\"https:\/\/faroeislandscoworking.com\/wp-content\/uploads\/2019\/05\/P\u00e1ls-H\u00f8ll-50.jpg 960w, https:\/\/faroeislandscoworking.com\/wp-content\/uploads\/2019\/05\/P\u00e1ls-H\u00f8ll-50-300x200.jpg 300w, https:\/\/faroeislandscoworking.com\/wp-content\/uploads\/2019\/05\/P\u00e1ls-H\u00f8ll-50-768x512.jpg 768w\" sizes=\"auto, (max-width: 960px) 100vw, 960px\" \/><\/figure><\/li><li class=\"blocks-gallery-item\"><figure><img loading=\"lazy\" decoding=\"async\" width=\"960\" height=\"535\" src=\"https:\/\/faroeislandscoworking.com\/wp-content\/uploads\/2019\/05\/P\u00e1ls-H\u00f8ll-bh.jpg\" alt=\"\" data-id=\"226\" data-link=\"https:\/\/faroeislandscoworking.com\/?attachment_id=226\" class=\"wp-image-226\" srcset=\"https:\/\/faroeislandscoworking.com\/wp-content\/uploads\/2019\/05\/P\u00e1ls-H\u00f8ll-bh.jpg 960w, https:\/\/faroeislandscoworking.com\/wp-content\/uploads\/2019\/05\/P\u00e1ls-H\u00f8ll-bh-300x167.jpg 300w, https:\/\/faroeislandscoworking.com\/wp-content\/uploads\/2019\/05\/P\u00e1ls-H\u00f8ll-bh-768x428.jpg 768w\" sizes=\"auto, (max-width: 960px) 100vw, 960px\" \/><\/figure><\/li><li class=\"blocks-gallery-item\"><figure><img loading=\"lazy\" decoding=\"async\" width=\"960\" height=\"720\" src=\"https:\/\/faroeislandscoworking.com\/wp-content\/uploads\/2019\/05\/P\u00e1ls-H\u00f8ll-ht.jpg\" alt=\"\" data-id=\"227\" data-link=\"https:\/\/faroeislandscoworking.com\/?attachment_id=227\" class=\"wp-image-227\" srcset=\"https:\/\/faroeislandscoworking.com\/wp-content\/uploads\/2019\/05\/P\u00e1ls-H\u00f8ll-ht.jpg 960w, https:\/\/faroeislandscoworking.com\/wp-content\/uploads\/2019\/05\/P\u00e1ls-H\u00f8ll-ht-300x225.jpg 300w, https:\/\/faroeislandscoworking.com\/wp-content\/uploads\/2019\/05\/P\u00e1ls-H\u00f8ll-ht-768x576.jpg 768w\" sizes=\"auto, (max-width: 960px) 100vw, 960px\" \/><\/figure><\/li><li class=\"blocks-gallery-item\"><figure><img loading=\"lazy\" decoding=\"async\" width=\"960\" height=\"720\" src=\"https:\/\/faroeislandscoworking.com\/wp-content\/uploads\/2019\/05\/P\u00e1ls-H\u00f8ll-wn.jpg\" alt=\"\" data-id=\"228\" data-link=\"https:\/\/faroeislandscoworking.com\/?attachment_id=228\" class=\"wp-image-228\" srcset=\"https:\/\/faroeislandscoworking.com\/wp-content\/uploads\/2019\/05\/P\u00e1ls-H\u00f8ll-wn.jpg 960w, https:\/\/faroeislandscoworking.com\/wp-content\/uploads\/2019\/05\/P\u00e1ls-H\u00f8ll-wn-300x225.jpg 300w, https:\/\/faroeislandscoworking.com\/wp-content\/uploads\/2019\/05\/P\u00e1ls-H\u00f8ll-wn-768x576.jpg 768w\" sizes=\"auto, (max-width: 960px) 100vw, 960px\" \/><\/figure><\/li><\/ul>\n","protected":false},"excerpt":{"rendered":"<p>You will problably not find a better place in the midst of the North Atlantic to go on adventures, than in the mountains and hillsides around V\u00e1gur.<\/p>\n","protected":false},"author":1,"featured_media":192,"parent":0,"menu_order":0,"comment_status":"closed","ping_status":"closed","template":"","meta":{"footnotes":""},"class_list":["post-95","page","type-page","status-publish","has-post-thumbnail","hentry"],"_links":{"self":[{"href":"https:\/\/faroeislandscoworking.com\/index.php?rest_route=\/wp\/v2\/pages\/95","targetHints":{"allow":["GET"]}}],"collection":[{"href":"https:\/\/faroeislandscoworking.com\/index.php?rest_route=\/wp\/v2\/pages"}],"about":[{"href":"https:\/\/faroeislandscoworking.com\/index.php?rest_route=\/wp\/v2\/types\/page"}],"author":[{"embeddable":true,"href":"https:\/\/faroeislandscoworking.com\/index.php?rest_route=\/wp\/v2\/users\/1"}],"replies":[{"embeddable":true,"href":"https:\/\/faroeislandscoworking.com\/index.php?rest_route=%2Fwp%2Fv2%2Fcomments&post=95"}],"version-history":[{"count":24,"href":"https:\/\/faroeislandscoworking.com\/index.php?rest_route=\/wp\/v2\/pages\/95\/revisions"}],"predecessor-version":[{"id":268,"href":"https:\/\/faroeislandscoworking.com\/index.php?rest_route=\/wp\/v2\/pages\/95\/revisions\/268"}],"wp:featuredmedia":[{"embeddable":true,"href":"https:\/\/faroeislandscoworking.com\/index.php?rest_route=\/wp\/v2\/media\/192"}],"wp:attachment":[{"href":"https:\/\/faroeislandscoworking.com\/index.php?rest_route=%2Fwp%2Fv2%2Fmedia&parent=95"}],"curies":[{"name":"wp","href":"https:\/\/api.w.org\/{rel}","templated":true}]}}